
{"id":518,"date":"2023-08-09T15:58:41","date_gmt":"2023-08-09T15:58:41","guid":{"rendered":"https:\/\/belkcollegeofbusiness.charlotte.edu\/economicsseminar\/?page_id=518"},"modified":"2023-08-09T15:58:41","modified_gmt":"2023-08-09T15:58:41","slug":"past-talks-in-the-economics-seminar-series-2022-2023","status":"publish","type":"page","link":"http:\/\/belkcollegeofbusiness.charlotte.edu\/economicsseminar\/past-talks-in-the-economics-seminar-series-2022-2023\/","title":{"rendered":"Past Talks in the Economics Seminar Series: 2022-2023"},"content":{"rendered":"<p><!-- Begin Semester --><\/p>\n<p class=\"semester\" align=\"left\"><strong>Fall 2022<\/strong><\/p>\n<p><!-- End Table Header --><!-- Begin Speaker Entry --><\/p>\n<p><!-- End Speaker Entry --><!-- Begin Speaker Entry --><\/p>\n<p><!-- End Speaker Entry --><!-- Begin Speaker Entry --><\/p>\n<p><!-- End Speaker Entry --><!-- Begin Speaker Entry --><\/p>\n<p><!-- End Speaker Entry --><!-- Begin Speaker Entry --><\/p>\n<p><!-- End Speaker Entry --><!-- Begin Speaker Entry --><\/p>\n<p><!-- End Speaker Entry --><!-- Begin Speaker Entry --><\/p>\n<p><!-- End Speaker Entry --><!-- Begin Speaker Entry --><\/p>\n<p><!-- End Speaker Entry --><\/p>\n<table><!-- Begin Table Header --><\/p>\n<tbody>\n<tr>\n<td class=\"th_date\" style=\"width: 10px\"><strong>Date<\/strong><\/td>\n<td class=\"th_speaker\" style=\"width: 180px\"><strong>Speaker<\/strong><\/td>\n<td class=\"th_talk\" style=\"width: 298px\"><strong>Paper Title\/Topic &amp; Link<\/strong><\/td>\n<td class=\"th_time\" style=\"width: 80px\"><strong>Time\/Place<\/strong><\/td>\n<\/tr>\n<tr>\n<td class=\"tr_date\">8\/26<\/td>\n<td class=\"tr_speaker\"><a href=\"https:\/\/sites.google.com\/site\/bkuruscu\/Home\/\"> Burhan Kuruscu<\/a><em><br \/>\nUniversity of Toronto<\/em><\/td>\n<td class=\"tr_talk\"><a href=\"https:\/\/www.dropbox.com\/s\/nl25hqqjb3sbnvl\/GKKOC_2019_NBER_WP_SUBMIT.pdf?dl=0\">Use It or Lose It: Efficiency Gains from Wealth Taxation<\/a><\/td>\n<td class=\"tr_time\">10-11:30am,<br \/>\nFriday 212<\/td>\n<\/tr>\n<tr>\n<td class=\"tr_date\">9\/9<\/td>\n<td class=\"tr_speaker\"><a href=\"https:\/\/benlockwood.com\/\"> Ben Lockwood<\/a><em><br \/>\nUniversity of Pennsylvania<\/em><\/td>\n<td class=\"tr_talk\"><a href=\"http:\/\/belkcollegeofbusiness.charlotte.edu\/economicsseminar\/wp-content\/uploads\/sites\/885\/2022\/08\/Anagol_Davids_Lockwood_Ramadorai_Diffuse_Bunching_with_Frictions.pdf\">Diffuse Bunching with Frictions: Theory and Estimation<\/a><\/td>\n<td class=\"tr_time\">10-11:30am,<br \/>\nFriday 212<\/td>\n<\/tr>\n<tr>\n<td class=\"tr_date\">9\/16<\/td>\n<td class=\"tr_speaker\"><a href=\"https:\/\/www.lucieschmidt.com\/\">Lucie Schmidt<\/a><em><br \/>\nSmith College<\/em><\/td>\n<td class=\"tr_talk\">The Effect of Safety Net Generosity on Maternal Mental Health and Risky Health Behaviors<\/td>\n<td class=\"tr_time\">10-11:30am,<br \/>\nFriday 212<\/td>\n<\/tr>\n<tr>\n<td class=\"tr_date\">10\/14<\/td>\n<td class=\"tr_speaker\"><a href=\"https:\/\/sites.google.com\/a\/ncsu.edu\/msmorrill\/\">Melinda Morrill<\/a><em><br \/>\nNorth Carolina State Univ.<\/em><\/td>\n<td class=\"tr_talk\"><a href=\"http:\/\/belkcollegeofbusiness.charlotte.edu\/economicsseminar\/wp-content\/uploads\/sites\/885\/2022\/09\/MagnetAttraction_Manuscript.pdf\">The Attraction of Magnet Schools: Evidence from Embedded Lotteries in School Assignment<\/a><\/td>\n<td class=\"tr_time\">10-11:30am,<br \/>\nFriday 212<\/td>\n<\/tr>\n<tr>\n<td class=\"tr_date\">11\/4<\/td>\n<td class=\"tr_speaker\"><a href=\"https:\/\/sites.google.com\/view\/katjamann\/about-me\">Katja Mann<\/a><em><br \/>\nCopenhagen Business School<\/em><\/td>\n<td class=\"tr_talk\"><a href=\"http:\/\/belkcollegeofbusiness.charlotte.edu\/economicsseminar\/wp-content\/uploads\/sites\/885\/2022\/09\/Arvai_Mann_Consumption_Inequality.pdf\">Consumption Inequality in the Digital Age<\/a><\/td>\n<td class=\"tr_time\">10-11:30am,<br \/>\nFriday 212<\/td>\n<\/tr>\n<\/tbody>\n<\/table>\n<p><!-- End Semester --><\/p>\n<p><!-- Begin Semester --><\/p>\n<p class=\"semester\" align=\"left\"><strong>Spring 2023<\/strong><\/p>\n<p><!-- End Table Header --><!-- Begin Speaker Entry --><\/p>\n<p><!-- End Speaker Entry --><!-- Begin Speaker Entry --><br \/>\n<!-- End Speaker Entry --><\/p>\n<table><!-- Begin Table Header --><\/p>\n<tbody>\n<tr>\n<td class=\"th_date\" style=\"width: 45px;height: 24px\"><strong>Date<\/strong><\/td>\n<td class=\"th_speaker\" style=\"width: 167px;height: 24px\"><strong>Speaker<\/strong><\/td>\n<td class=\"th_talk\" style=\"width: 263px;height: 24px\"><strong>Paper Title\/Topic &amp; Link<\/strong><\/td>\n<td class=\"th_time\" style=\"width: 93px;height: 24px\"><strong>Time\/Place<\/strong><\/td>\n<\/tr>\n<tr>\n<td class=\"tr_date\">2\/10<\/td>\n<td class=\"tr_speaker\"><a href=\"https:\/\/www.connolly.uqam.ca\/index_en.html\"> Marie Connolly<\/a><em><br \/>\nUniversit\u00e9 du Qu\u00e9bec \u00e0 Montr\u00e9al<\/em><\/td>\n<td class=\"tr_talk\">Age at Immigration and Intergenerational Income Transmission in Canada<\/td>\n<td class=\"tr_time\">10-11:30am,<br \/>\nFriday 302<\/td>\n<\/tr>\n<tr>\n<td class=\"tr_date\">3\/10<\/td>\n<td class=\"tr_speaker\"><a href=\"https:\/\/alexbick.weebly.com\/\"> Alexander Bick<\/a><em><br \/>\nSt. Louis Fed and ASU <\/em><\/td>\n<td class=\"tr_talk\">Hours and Lifetime Earnings Inequality<\/td>\n<td class=\"tr_time\">10-11:30am,<br \/>\nFriday 207<\/td>\n<\/tr>\n<tr>\n<td class=\"tr_date\">3\/17<\/td>\n<td class=\"tr_speaker\"><a href=\"https:\/\/philipbrookins.com\/\">Philip Brookins<\/a><em><br \/>\nUniversity of South Carolina<\/em><\/td>\n<td class=\"tr_talk\">Group Size Uncertainty in the Common Pool Resource Dilemma<\/td>\n<td class=\"tr_time\">10-11:30am,<br \/>\nFriday 212<\/td>\n<\/tr>\n<tr>\n<td class=\"tr_date\">3\/31<\/td>\n<td class=\"tr_speaker\"><a href=\"https:\/\/uh.edu\/~cjuhn\/\">Chinhui Juhn<\/a><em><br \/>\nUniversity of Houston<\/em><\/td>\n<td class=\"tr_talk\">Task Requirements, Time Requirements, and the Gender Gap in Jobs and Pay<\/td>\n<td class=\"tr_time\">10-11:30am,<br \/>\nFriday 207<\/td>\n<\/tr>\n<\/tbody>\n<\/table>\n<p><!-- End Semester --><\/p>\n","protected":false},"excerpt":{"rendered":"<p>Fall 2022 Date Speaker Paper Title\/Topic &amp; Link Time\/Place 8\/26 Burhan Kuruscu University of Toronto Use It or Lose It: Efficiency Gains from Wealth Taxation 10-11:30am, Friday 212 9\/9 Ben Lockwood University of Pennsylvania Diffuse Bunching with Frictions: Theory and Estimation 10-11:30am, Friday 212 9\/16 Lucie Schmidt Smith College The Effect of Safety Net Generosity [&hellip;]<\/p>\n","protected":false},"author":2205,"featured_media":0,"parent":0,"menu_order":0,"comment_status":"closed","ping_status":"closed","template":"","meta":{"footnotes":""},"class_list":["post-518","page","type-page","status-publish","hentry"],"_links":{"self":[{"href":"http:\/\/belkcollegeofbusiness.charlotte.edu\/economicsseminar\/wp-json\/wp\/v2\/pages\/518","targetHints":{"allow":["GET"]}}],"collection":[{"href":"http:\/\/belkcollegeofbusiness.charlotte.edu\/economicsseminar\/wp-json\/wp\/v2\/pages"}],"about":[{"href":"http:\/\/belkcollegeofbusiness.charlotte.edu\/economicsseminar\/wp-json\/wp\/v2\/types\/page"}],"author":[{"embeddable":true,"href":"http:\/\/belkcollegeofbusiness.charlotte.edu\/economicsseminar\/wp-json\/wp\/v2\/users\/2205"}],"replies":[{"embeddable":true,"href":"http:\/\/belkcollegeofbusiness.charlotte.edu\/economicsseminar\/wp-json\/wp\/v2\/comments?post=518"}],"version-history":[{"count":2,"href":"http:\/\/belkcollegeofbusiness.charlotte.edu\/economicsseminar\/wp-json\/wp\/v2\/pages\/518\/revisions"}],"predecessor-version":[{"id":520,"href":"http:\/\/belkcollegeofbusiness.charlotte.edu\/economicsseminar\/wp-json\/wp\/v2\/pages\/518\/revisions\/520"}],"wp:attachment":[{"href":"http:\/\/belkcollegeofbusiness.charlotte.edu\/economicsseminar\/wp-json\/wp\/v2\/media?parent=518"}],"curies":[{"name":"wp","href":"https:\/\/api.w.org\/{rel}","templated":true}]}}